{"id":22,"date":"2021-08-03T18:12:57","date_gmt":"2021-08-03T18:12:57","guid":{"rendered":"https:\/\/ferienwohnung-hautle.ch\/?page_id=22"},"modified":"2021-08-13T15:00:05","modified_gmt":"2021-08-13T15:00:05","slug":"wohnung","status":"publish","type":"page","link":"https:\/\/ferienwohnung-hautle.ch\/index.php\/wohnung\/","title":{"rendered":"Wohnung"},"content":{"rendered":"\n<div class=\"wp-block-media-text alignwide is-stacked-on-mobile\" style=\"grid-template-columns:63% auto\"><figure class=\"wp-block-media-text__media\"><img loading=\"lazy\" decoding=\"async\" width=\"1024\" height=\"683\" src=\"https:\/\/ferienwohnung-hautle.ch\/wp-content\/uploads\/2021\/08\/005_FEWO_Hautle__12A0124_korr-1024x683.jpg\" alt=\"\" class=\"wp-image-8 size-full\" srcset=\"https:\/\/ferienwohnung-hautle.ch\/wp-content\/uploads\/2021\/08\/005_FEWO_Hautle__12A0124_korr-1024x683.jpg 1024w, https:\/\/ferienwohnung-hautle.ch\/wp-content\/uploads\/2021\/08\/005_FEWO_Hautle__12A0124_korr-300x200.jpg 300w, https:\/\/ferienwohnung-hautle.ch\/wp-content\/uploads\/2021\/08\/005_FEWO_Hautle__12A0124_korr-768x512.jpg 768w, https:\/\/ferienwohnung-hautle.ch\/wp-content\/uploads\/2021\/08\/005_FEWO_Hautle__12A0124_korr-1536x1024.jpg 1536w, https:\/\/ferienwohnung-hautle.ch\/wp-content\/uploads\/2021\/08\/005_FEWO_Hautle__12A0124_korr-2048x1365.jpg 2048w\" sizes=\"auto, (max-width: 1024px) 100vw, 1024px\" \/><\/figure><div class=\"wp-block-media-text__content\">\n<p>5 Zimmer, davon 4 Schlafzimmer auf ingesamt 95 m2 Wohnfl\u00e4che. Wir bieten Platz f\u00fcr bis max. 7 Personen.<\/p>\n\n\n\n<p>Am Fusse des Hohen Hirschberg und F\u00e4hnern, sch\u00f6nes Bauernhaus mit wunderbarer Aussicht in den Alpbstein, ruhige Lage. <\/p>\n\n\n\n<p>Ab 3 \u00dcbernachtungen erhalten Sie die Appenzeller Ferienkarte.<\/p>\n<\/div><\/div>\n\n\n\n<p><\/p>\n\n\n\n<div class=\"wp-block-group alignwide\"><div class=\"wp-block-group__inner-container is-layout-flow wp-block-group-is-layout-flow\">\n<div class=\"wp-block-columns alignwide is-layout-flex wp-container-core-columns-is-layout-9d6595d7 wp-block-columns-is-layout-flex\">\n<div class=\"wp-block-column is-layout-flow wp-block-column-is-layout-flow\" style=\"flex-basis:50%\">\n<p><\/p>\n<\/div>\n<\/div>\n<\/div><\/div>\n\n\n\n<p><\/p>\n\n\n\n<div class=\"wp-block-columns is-layout-flex wp-container-core-columns-is-layout-9d6595d7 wp-block-columns-is-layout-flex\">\n<div class=\"wp-block-column is-layout-flow wp-block-column-is-layout-flow\" style=\"flex-basis:100%\">\n<p><\/p>\n<\/div>\n<\/div>\n\n\n\n<p><\/p>\n\n\n\n<p><\/p>\n\n\n\n<p><\/p>\n\n\n\n<p><\/p>\n\n\n\n<p><\/p>\n","protected":false},"excerpt":{"rendered":"<p>5 Zimmer, davon 4 Schlafzimmer auf ingesamt 95 m2 Wohnfl\u00e4che. Wir bieten Platz f\u00fcr bis max. 7 Personen. Am Fusse des Hohen Hirschberg und F\u00e4hnern, sch\u00f6nes Bauernhaus mit wunderbarer Aussicht in den Alpbstein, ruhige Lage. Ab 3 \u00dcbernachtungen erhalten Sie die Appenzeller Ferienkarte.<\/p>\n","protected":false},"author":1,"featured_media":0,"parent":0,"menu_order":0,"comment_status":"closed","ping_status":"closed","template":"","meta":{"footnotes":""},"class_list":["post-22","page","type-page","status-publish","hentry"],"_links":{"self":[{"href":"https:\/\/ferienwohnung-hautle.ch\/index.php\/wp-json\/wp\/v2\/pages\/22","targetHints":{"allow":["GET"]}}],"collection":[{"href":"https:\/\/ferienwohnung-hautle.ch\/index.php\/wp-json\/wp\/v2\/pages"}],"about":[{"href":"https:\/\/ferienwohnung-hautle.ch\/index.php\/wp-json\/wp\/v2\/types\/page"}],"author":[{"embeddable":true,"href":"https:\/\/ferienwohnung-hautle.ch\/index.php\/wp-json\/wp\/v2\/users\/1"}],"replies":[{"embeddable":true,"href":"https:\/\/ferienwohnung-hautle.ch\/index.php\/wp-json\/wp\/v2\/comments?post=22"}],"version-history":[{"count":14,"href":"https:\/\/ferienwohnung-hautle.ch\/index.php\/wp-json\/wp\/v2\/pages\/22\/revisions"}],"predecessor-version":[{"id":187,"href":"https:\/\/ferienwohnung-hautle.ch\/index.php\/wp-json\/wp\/v2\/pages\/22\/revisions\/187"}],"wp:attachment":[{"href":"https:\/\/ferienwohnung-hautle.ch\/index.php\/wp-json\/wp\/v2\/media?parent=22"}],"curies":[{"name":"wp","href":"https:\/\/api.w.org\/{rel}","templated":true}]}}