{"id":178,"date":"2021-08-13T14:51:55","date_gmt":"2021-08-13T14:51:55","guid":{"rendered":"https:\/\/ferienwohnung-hautle.ch\/?page_id=178"},"modified":"2021-08-13T14:52:47","modified_gmt":"2021-08-13T14:52:47","slug":"sitzplatz-spielplatz","status":"publish","type":"page","link":"https:\/\/ferienwohnung-hautle.ch\/index.php\/wohnung\/sitzplatz-spielplatz\/","title":{"rendered":"Sitzplatz &#8211; Spielplatz"},"content":{"rendered":"\n<figure class=\"wp-block-gallery columns-1 is-cropped wp-block-gallery-1 is-layout-flex wp-block-gallery-is-layout-flex\"><ul class=\"blocks-gallery-grid\"><li class=\"blocks-gallery-item\"><figure><img loading=\"lazy\" decoding=\"async\" width=\"1024\" height=\"683\" src=\"https:\/\/ferienwohnung-hautle.ch\/wp-content\/uploads\/2021\/08\/003_FEWO_Hautle__12A0118-1024x683.jpg\" alt=\"\" data-id=\"128\" data-full-url=\"https:\/\/ferienwohnung-hautle.ch\/wp-content\/uploads\/2021\/08\/003_FEWO_Hautle__12A0118-scaled.jpg\" data-link=\"https:\/\/ferienwohnung-hautle.ch\/index.php\/wohnung\/003_fewo_hautle__12a0118\/\" class=\"wp-image-128\" srcset=\"https:\/\/ferienwohnung-hautle.ch\/wp-content\/uploads\/2021\/08\/003_FEWO_Hautle__12A0118-1024x683.jpg 1024w, https:\/\/ferienwohnung-hautle.ch\/wp-content\/uploads\/2021\/08\/003_FEWO_Hautle__12A0118-300x200.jpg 300w, https:\/\/ferienwohnung-hautle.ch\/wp-content\/uploads\/2021\/08\/003_FEWO_Hautle__12A0118-768x512.jpg 768w, https:\/\/ferienwohnung-hautle.ch\/wp-content\/uploads\/2021\/08\/003_FEWO_Hautle__12A0118-1536x1024.jpg 1536w, https:\/\/ferienwohnung-hautle.ch\/wp-content\/uploads\/2021\/08\/003_FEWO_Hautle__12A0118-2048x1365.jpg 2048w\" sizes=\"auto, (max-width: 1024px) 100vw, 1024px\" \/><\/figure><\/li><\/ul><\/figure>\n\n\n\n<ul class=\"wp-block-list\"><li>mit Grill<\/li><li>Tisch, B\u00e4nke und Sonnenschirm<\/li><li>Schaukel<\/li><li>Rutschbahn<\/li><li>Sandkasten<\/li><li>grosser Hof mit vielen Spielm\u00f6glichkeiten, div. Spielger\u00e4te vorhanden<\/li><li>f\u00fcr Kinder immer in Erlebnis: die Tiere und der Landwirtschaftsbetrieb<\/li><\/ul>\n","protected":false},"excerpt":{"rendered":"<p>mit Grill Tisch, B\u00e4nke und Sonnenschirm Schaukel Rutschbahn Sandkasten grosser Hof mit vielen Spielm\u00f6glichkeiten, div. Spielger\u00e4te vorhanden f\u00fcr Kinder immer in Erlebnis: die Tiere und der Landwirtschaftsbetrieb<\/p>\n","protected":false},"author":1,"featured_media":0,"parent":22,"menu_order":0,"comment_status":"closed","ping_status":"closed","template":"","meta":{"footnotes":""},"class_list":["post-178","page","type-page","status-publish","hentry"],"_links":{"self":[{"href":"https:\/\/ferienwohnung-hautle.ch\/index.php\/wp-json\/wp\/v2\/pages\/178","targetHints":{"allow":["GET"]}}],"collection":[{"href":"https:\/\/ferienwohnung-hautle.ch\/index.php\/wp-json\/wp\/v2\/pages"}],"about":[{"href":"https:\/\/ferienwohnung-hautle.ch\/index.php\/wp-json\/wp\/v2\/types\/page"}],"author":[{"embeddable":true,"href":"https:\/\/ferienwohnung-hautle.ch\/index.php\/wp-json\/wp\/v2\/users\/1"}],"replies":[{"embeddable":true,"href":"https:\/\/ferienwohnung-hautle.ch\/index.php\/wp-json\/wp\/v2\/comments?post=178"}],"version-history":[{"count":2,"href":"https:\/\/ferienwohnung-hautle.ch\/index.php\/wp-json\/wp\/v2\/pages\/178\/revisions"}],"predecessor-version":[{"id":180,"href":"https:\/\/ferienwohnung-hautle.ch\/index.php\/wp-json\/wp\/v2\/pages\/178\/revisions\/180"}],"up":[{"embeddable":true,"href":"https:\/\/ferienwohnung-hautle.ch\/index.php\/wp-json\/wp\/v2\/pages\/22"}],"wp:attachment":[{"href":"https:\/\/ferienwohnung-hautle.ch\/index.php\/wp-json\/wp\/v2\/media?parent=178"}],"curies":[{"name":"wp","href":"https:\/\/api.w.org\/{rel}","templated":true}]}}