{"id":160,"date":"2021-08-11T15:07:18","date_gmt":"2021-08-11T15:07:18","guid":{"rendered":"https:\/\/ferienwohnung-hautle.ch\/?page_id=160"},"modified":"2021-08-22T17:55:10","modified_gmt":"2021-08-22T17:55:10","slug":"anfahrt","status":"publish","type":"page","link":"https:\/\/ferienwohnung-hautle.ch\/index.php\/lage\/anfahrt\/","title":{"rendered":"Anfahrt"},"content":{"rendered":"\n<p>So erreichen Sie uns:<\/p>\n\n\n\n<ul class=\"wp-block-list\" id=\"block-1f13928c-e69f-4b9d-9474-a7999d45f799\"><li>Anfahrt \u00fcber Deutschland: via Singen, Kreuzlingen, Gossau, Appenzell, Eggerstanden<\/li><li>Anfahrt \u00fcber \u00d6sterreich: Grenz\u00fcbergang Altach\/Kriessern, Altst\u00e4tten, Gais, Appenzell, Eggerstanden<\/li><li>Anfahrt \u00fcber Z\u00fcrich: Autobahn A1, Ausfahrt Gossau, Herisau, Appenzell, Eggerstanden<\/li><li>Genaue Zufahrt: von Appenzell her kommend eingangs Eggerstanden bei der Postautohaltestelle &#8222;L\u00e4deli&#8220; links in die Bilchenstrasse abbiegen, Nach ca. 400 m erneut links abbiegen und dem Strassenverlauf bis zum Hof (Bilchenstrasse 3) auf der Anh\u00f6he folgen<\/li><\/ul>\n\n\n\n<figure class=\"wp-block-image size-large\"><img loading=\"lazy\" decoding=\"async\" width=\"1024\" height=\"507\" src=\"https:\/\/ferienwohnung-hautle.ch\/wp-content\/uploads\/2021\/08\/2021-08-04-13_43_38-Hautle-Johann-Raess-in-Appenzell-Eggerstanden-\u27a9-Adresse-Telefonnummer-auf-lo-1024x507.png\" alt=\"\" class=\"wp-image-189\" srcset=\"https:\/\/ferienwohnung-hautle.ch\/wp-content\/uploads\/2021\/08\/2021-08-04-13_43_38-Hautle-Johann-Raess-in-Appenzell-Eggerstanden-\u27a9-Adresse-Telefonnummer-auf-lo-1024x507.png 1024w, https:\/\/ferienwohnung-hautle.ch\/wp-content\/uploads\/2021\/08\/2021-08-04-13_43_38-Hautle-Johann-Raess-in-Appenzell-Eggerstanden-\u27a9-Adresse-Telefonnummer-auf-lo-300x148.png 300w, https:\/\/ferienwohnung-hautle.ch\/wp-content\/uploads\/2021\/08\/2021-08-04-13_43_38-Hautle-Johann-Raess-in-Appenzell-Eggerstanden-\u27a9-Adresse-Telefonnummer-auf-lo-768x380.png 768w, https:\/\/ferienwohnung-hautle.ch\/wp-content\/uploads\/2021\/08\/2021-08-04-13_43_38-Hautle-Johann-Raess-in-Appenzell-Eggerstanden-\u27a9-Adresse-Telefonnummer-auf-lo.png 1126w\" sizes=\"auto, (max-width: 1024px) 100vw, 1024px\" \/><\/figure>\n","protected":false},"excerpt":{"rendered":"<p>So erreichen Sie uns: Anfahrt \u00fcber Deutschland: via Singen, Kreuzlingen, Gossau, Appenzell, Eggerstanden Anfahrt \u00fcber \u00d6sterreich: Grenz\u00fcbergang Altach\/Kriessern, Altst\u00e4tten, Gais, Appenzell, Eggerstanden Anfahrt \u00fcber Z\u00fcrich: Autobahn A1, Ausfahrt Gossau, Herisau, Appenzell, Eggerstanden Genaue Zufahrt: von Appenzell her kommend eingangs Eggerstanden bei der Postautohaltestelle &#8222;L\u00e4deli&#8220; links in die Bilchenstrasse abbiegen, Nach ca. 400 m erneut links<\/p>\n<p><a href=\"https:\/\/ferienwohnung-hautle.ch\/index.php\/lage\/anfahrt\/\" class=\"more-link themebutton\">Read More<\/a><\/p>\n","protected":false},"author":1,"featured_media":0,"parent":20,"menu_order":0,"comment_status":"closed","ping_status":"closed","template":"","meta":{"footnotes":""},"class_list":["post-160","page","type-page","status-publish","hentry"],"_links":{"self":[{"href":"https:\/\/ferienwohnung-hautle.ch\/index.php\/wp-json\/wp\/v2\/pages\/160","targetHints":{"allow":["GET"]}}],"collection":[{"href":"https:\/\/ferienwohnung-hautle.ch\/index.php\/wp-json\/wp\/v2\/pages"}],"about":[{"href":"https:\/\/ferienwohnung-hautle.ch\/index.php\/wp-json\/wp\/v2\/types\/page"}],"author":[{"embeddable":true,"href":"https:\/\/ferienwohnung-hautle.ch\/index.php\/wp-json\/wp\/v2\/users\/1"}],"replies":[{"embeddable":true,"href":"https:\/\/ferienwohnung-hautle.ch\/index.php\/wp-json\/wp\/v2\/comments?post=160"}],"version-history":[{"count":4,"href":"https:\/\/ferienwohnung-hautle.ch\/index.php\/wp-json\/wp\/v2\/pages\/160\/revisions"}],"predecessor-version":[{"id":190,"href":"https:\/\/ferienwohnung-hautle.ch\/index.php\/wp-json\/wp\/v2\/pages\/160\/revisions\/190"}],"up":[{"embeddable":true,"href":"https:\/\/ferienwohnung-hautle.ch\/index.php\/wp-json\/wp\/v2\/pages\/20"}],"wp:attachment":[{"href":"https:\/\/ferienwohnung-hautle.ch\/index.php\/wp-json\/wp\/v2\/media?parent=160"}],"curies":[{"name":"wp","href":"https:\/\/api.w.org\/{rel}","templated":true}]}}